{"id":5618,"date":"2024-02-12T09:09:09","date_gmt":"2024-02-12T08:09:09","guid":{"rendered":"https:\/\/laholmstal.se\/?page_id=5618"},"modified":"2024-05-04T16:57:51","modified_gmt":"2024-05-04T14:57:51","slug":"om-os-2","status":"publish","type":"page","link":"https:\/\/laholmstal.se\/da\/om-os-2\/","title":{"rendered":"Kvalitet\/milj\u00f8"},"content":{"rendered":"\t\t<div data-elementor-type=\"wp-page\" data-elementor-id=\"5618\" class=\"elementor elementor-5618 elementor-5617\" data-elementor-post-type=\"page\">\n\t\t\t\t<div class=\"elementor-element elementor-element-4094ee7 e-flex e-con-boxed e-con e-parent\" data-id=\"4094ee7\" data-element_type=\"container\" data-e-type=\"container\" data-settings=\"{&quot;background_background&quot;:&quot;classic&quot;}\">\n\t\t\t\t\t<div class=\"e-con-inner\">\n\t\t<div class=\"elementor-element elementor-element-8695738 e-con-full e-flex e-con e-child\" data-id=\"8695738\" data-element_type=\"container\" data-e-type=\"container\">\n\t\t\t\t<div class=\"elementor-element elementor-element-2646c9c elementor-invisible elementor-widget elementor-widget-heading\" data-id=\"2646c9c\" data-element_type=\"widget\" data-e-type=\"widget\" data-settings=\"{&quot;_animation&quot;:&quot;fadeIn&quot;}\" data-widget_type=\"heading.default\">\n\t\t\t\t<div class=\"elementor-widget-container\">\n\t\t\t\t\t<h1 class=\"elementor-heading-title elementor-size-default\">Kvalitet\/milj\u00f8<\/h1>\t\t\t\t<\/div>\n\t\t\t\t<\/div>\n\t\t\t\t<\/div>\n\t\t\t\t\t<\/div>\n\t\t\t\t<\/div>\n\t\t<div class=\"elementor-element elementor-element-ca61669 e-flex e-con-boxed e-con e-parent\" data-id=\"ca61669\" data-element_type=\"container\" data-e-type=\"container\">\n\t\t\t\t\t<div class=\"e-con-inner\">\n\t\t<div class=\"elementor-element elementor-element-32122f1 e-con-full e-flex elementor-invisible e-con e-child\" data-id=\"32122f1\" data-element_type=\"container\" data-e-type=\"container\" data-settings=\"{&quot;animation&quot;:&quot;fadeInRight&quot;}\">\n\t\t\t\t<div class=\"elementor-element elementor-element-7046437 elementor-widget elementor-widget-heading\" data-id=\"7046437\" data-element_type=\"widget\" data-e-type=\"widget\" data-widget_type=\"heading.default\">\n\t\t\t\t<div class=\"elementor-widget-container\">\n\t\t\t\t\t<h2 class=\"elementor-heading-title elementor-size-default\">Kvalitet<\/h2>\t\t\t\t<\/div>\n\t\t\t\t<\/div>\n\t\t\t\t<div class=\"elementor-element elementor-element-e44da7c elementor-widget elementor-widget-text-editor\" data-id=\"e44da7c\" data-element_type=\"widget\" data-e-type=\"widget\" data-widget_type=\"text-editor.default\">\n\t\t\t\t<div class=\"elementor-widget-container\">\n\t\t\t\t\t\t\t\t\t<p>Laholm St\u00e5l har en lang historie med kvalitet og b\u00e6redygtighed. Vi bestr\u00e6ber os p\u00e5 at levere st\u00e5lprodukter af h\u00f8jeste standard og p\u00e5lidelighed. Ved at prioritere innovation og ansvarlig produktion forts\u00e6tter vi med at v\u00e6re en p\u00e5lidelig partner for vores kunder over hele verden.<\/p>\n\t\t\t\t\t\t\t\t<\/div>\n\t\t\t\t<\/div>\n\t\t\t\t<div class=\"elementor-element elementor-element-33ac4fb elementor-widget elementor-widget-heading\" data-id=\"33ac4fb\" data-element_type=\"widget\" data-e-type=\"widget\" data-widget_type=\"heading.default\">\n\t\t\t\t<div class=\"elementor-widget-container\">\n\t\t\t\t\t<h2 class=\"elementor-heading-title elementor-size-default\">B\u00e6redygtighed\/milj\u00f8<\/h2>\t\t\t\t<\/div>\n\t\t\t\t<\/div>\n\t\t\t\t<div class=\"elementor-element elementor-element-ef7cd59 elementor-widget elementor-widget-text-editor\" data-id=\"ef7cd59\" data-element_type=\"widget\" data-e-type=\"widget\" data-widget_type=\"text-editor.default\">\n\t\t\t\t<div class=\"elementor-widget-container\">\n\t\t\t\t\t\t\t\t\t<p>Hos Laholm St\u00e5l er vi forpligtet til at drive vores st\u00e5lst\u00f8beri p\u00e5 en ansvarlig og b\u00e6redygtig m\u00e5de. Vi er ISO 14001-certificerede og bruger fossilfri elektricitet til b\u00e5de smeltning og varmebehandling af vores st\u00e5l for at minimere vores milj\u00f8p\u00e5virkning og maksimere vores b\u00e6redygtige udvikling, der opfylder nutidens behov uden at g\u00e5 p\u00e5 kompromis med fremtidige generationers mulighed for at opfylde deres behov.<span class=\"Apple-converted-space\"> <\/span><\/p>\n<p>Ved at implementere moderne produktionsmetoder og bruge genbrugsmaterialer bestr\u00e6ber vi os p\u00e5 at reducere vores indvirkning p\u00e5 milj\u00f8et, samtidig med at vi leverer produkter af h\u00f8j kvalitet.<\/p>\n<\/p>\n<p>En af de fremtr\u00e6dende fordele ved centrifugalst\u00f8bning er dens evne til at skabe projektunikke pr\u00e6fabrikerede r\u00f8r med minimalt materialetab. Det g\u00f8r metoden omkostnings- og ressourceeffektiv, samtidig med at den muligg\u00f8r produktion af dele, der opfylder pr\u00e6cise specifikationer.<\/p>\n\t\t\t\t\t\t\t\t<\/div>\n\t\t\t\t<\/div>\n\t\t\t\t<\/div>\n\t\t<div class=\"elementor-element elementor-element-10b04a9 e-con-full e-flex e-con e-child\" data-id=\"10b04a9\" data-element_type=\"container\" data-e-type=\"container\">\n\t\t\t\t<div class=\"elementor-element elementor-element-7265146 elementor-widget__width-initial elementor-invisible elementor-widget elementor-widget-image\" data-id=\"7265146\" data-element_type=\"widget\" data-e-type=\"widget\" data-settings=\"{&quot;_animation&quot;:&quot;fadeInRight&quot;}\" data-widget_type=\"image.default\">\n\t\t\t\t<div class=\"elementor-widget-container\">\n\t\t\t\t\t\t\t\t\t\t\t\t\t\t\t<img fetchpriority=\"high\" decoding=\"async\" width=\"1024\" height=\"683\" src=\"https:\/\/laholmstal.se\/wp-content\/uploads\/2024\/02\/IMG_1882-1024x683.jpg\" class=\"attachment-large size-large wp-image-5667\" alt=\"\" srcset=\"https:\/\/laholmstal.se\/wp-content\/uploads\/2024\/02\/IMG_1882-1024x683.jpg 1024w, https:\/\/laholmstal.se\/wp-content\/uploads\/2024\/02\/IMG_1882-300x200.jpg 300w, https:\/\/laholmstal.se\/wp-content\/uploads\/2024\/02\/IMG_1882-768x512.jpg 768w, https:\/\/laholmstal.se\/wp-content\/uploads\/2024\/02\/IMG_1882-1536x1024.jpg 1536w, https:\/\/laholmstal.se\/wp-content\/uploads\/2024\/02\/IMG_1882-2048x1365.jpg 2048w\" sizes=\"(max-width: 1024px) 100vw, 1024px\" \/>\t\t\t\t\t\t\t\t\t\t\t\t\t\t\t<\/div>\n\t\t\t\t<\/div>\n\t\t\t\t<div class=\"elementor-element elementor-element-340988f elementor-invisible elementor-widget elementor-widget-image\" data-id=\"340988f\" data-element_type=\"widget\" data-e-type=\"widget\" data-settings=\"{&quot;_animation&quot;:&quot;fadeInRight&quot;}\" data-widget_type=\"image.default\">\n\t\t\t\t<div class=\"elementor-widget-container\">\n\t\t\t\t\t\t\t\t\t\t\t\t\t\t\t<img decoding=\"async\" width=\"1024\" height=\"682\" src=\"https:\/\/laholmstal.se\/wp-content\/uploads\/2022\/11\/cropped-IMG_1757-1-scaled-1-1024x682.jpg\" class=\"attachment-large size-large wp-image-3358\" alt=\"\" srcset=\"https:\/\/laholmstal.se\/wp-content\/uploads\/2022\/11\/cropped-IMG_1757-1-scaled-1-1024x682.jpg 1024w, https:\/\/laholmstal.se\/wp-content\/uploads\/2022\/11\/cropped-IMG_1757-1-scaled-1-300x200.jpg 300w, https:\/\/laholmstal.se\/wp-content\/uploads\/2022\/11\/cropped-IMG_1757-1-scaled-1-768x512.jpg 768w, https:\/\/laholmstal.se\/wp-content\/uploads\/2022\/11\/cropped-IMG_1757-1-scaled-1-1536x1023.jpg 1536w, https:\/\/laholmstal.se\/wp-content\/uploads\/2022\/11\/cropped-IMG_1757-1-scaled-1-2048x1364.jpg 2048w\" sizes=\"(max-width: 1024px) 100vw, 1024px\" \/>\t\t\t\t\t\t\t\t\t\t\t\t\t\t\t<\/div>\n\t\t\t\t<\/div>\n\t\t\t\t<\/div>\n\t\t\t\t\t<\/div>\n\t\t\t\t<\/div>\n\t\t<div class=\"elementor-element elementor-element-db260b8 e-flex e-con-boxed e-con e-parent\" data-id=\"db260b8\" data-element_type=\"container\" data-e-type=\"container\">\n\t\t\t\t\t<div class=\"e-con-inner\">\n\t\t<div class=\"elementor-element elementor-element-7196554 e-con-full e-flex e-con e-child\" data-id=\"7196554\" data-element_type=\"container\" data-e-type=\"container\">\n\t\t\t\t<div class=\"elementor-element elementor-element-ff5cd1b elementor-widget elementor-widget-heading\" data-id=\"ff5cd1b\" data-element_type=\"widget\" data-e-type=\"widget\" data-widget_type=\"heading.default\">\n\t\t\t\t<div class=\"elementor-widget-container\">\n\t\t\t\t\t<h2 class=\"elementor-heading-title elementor-size-default\">Vores certifikater:<\/h2>\t\t\t\t<\/div>\n\t\t\t\t<\/div>\n\t\t\t\t<div class=\"elementor-element elementor-element-5edbcd0 elementor-widget-divider--view-line elementor-widget elementor-widget-divider\" data-id=\"5edbcd0\" data-element_type=\"widget\" data-e-type=\"widget\" data-widget_type=\"divider.default\">\n\t\t\t\t<div class=\"elementor-widget-container\">\n\t\t\t\t\t\t\t<div class=\"elementor-divider\">\n\t\t\t<span class=\"elementor-divider-separator\">\n\t\t\t\t\t\t<\/span>\n\t\t<\/div>\n\t\t\t\t\t\t<\/div>\n\t\t\t\t<\/div>\n\t\t\t\t<div class=\"elementor-element elementor-element-d5dd5bd elementor-widget elementor-widget-heading\" data-id=\"d5dd5bd\" data-element_type=\"widget\" data-e-type=\"widget\" data-widget_type=\"heading.default\">\n\t\t\t\t<div class=\"elementor-widget-container\">\n\t\t\t\t\t<h2 class=\"elementor-heading-title elementor-size-default\">Autoriseret st\u00e5lproducent i henhold til ABS (Amercan Bureau of Shipping).<\/h2>\t\t\t\t<\/div>\n\t\t\t\t<\/div>\n\t\t\t\t<div class=\"elementor-element elementor-element-dc4b69d elementor-widget elementor-widget-heading\" data-id=\"dc4b69d\" data-element_type=\"widget\" data-e-type=\"widget\" data-widget_type=\"heading.default\">\n\t\t\t\t<div class=\"elementor-widget-container\">\n\t\t\t\t\t<h2 class=\"elementor-heading-title elementor-size-default\">Autoriseret st\u00e5lproducent i henhold til DNV (Det Norske Veritas)<\/h2>\t\t\t\t<\/div>\n\t\t\t\t<\/div>\n\t\t\t\t<div class=\"elementor-element elementor-element-e696d96 elementor-widget elementor-widget-heading\" data-id=\"e696d96\" data-element_type=\"widget\" data-e-type=\"widget\" data-widget_type=\"heading.default\">\n\t\t\t\t<div class=\"elementor-widget-container\">\n\t\t\t\t\t<h2 class=\"elementor-heading-title elementor-size-default\">Direktiv om trykb\u00e6rende udstyr (PED) (2014\/68\/EU)<\/h2>\t\t\t\t<\/div>\n\t\t\t\t<\/div>\n\t\t\t\t<div class=\"elementor-element elementor-element-e0e7b77 elementor-widget elementor-widget-heading\" data-id=\"e0e7b77\" data-element_type=\"widget\" data-e-type=\"widget\" data-widget_type=\"heading.default\">\n\t\t\t\t<div class=\"elementor-widget-container\">\n\t\t\t\t\t<h2 class=\"elementor-heading-title elementor-size-default\">ISO 14001<\/h2>\t\t\t\t<\/div>\n\t\t\t\t<\/div>\n\t\t\t\t<div class=\"elementor-element elementor-element-aaff545 elementor-widget elementor-widget-heading\" data-id=\"aaff545\" data-element_type=\"widget\" data-e-type=\"widget\" data-widget_type=\"heading.default\">\n\t\t\t\t<div class=\"elementor-widget-container\">\n\t\t\t\t\t<h2 class=\"elementor-heading-title elementor-size-default\">ISO 9001<\/h2>\t\t\t\t<\/div>\n\t\t\t\t<\/div>\n\t\t\t\t<\/div>\n\t\t\t\t\t<\/div>\n\t\t\t\t<\/div>\n\t\t\t\t<\/div>\n\t\t","protected":false},"excerpt":{"rendered":"<p>Kvalitet\/milj\u00f8 Kvalitet Laholm St\u00e5l har en lang historie med kvalitet og b\u00e6redygtighed. Vi bestr\u00e6ber os p\u00e5 at levere st\u00e5lprodukter af h\u00f8jeste standard og p\u00e5lidelighed. Ved at prioritere innovation og ansvarlig produktion forts\u00e6tter vi med at v\u00e6re en p\u00e5lidelig partner for vores kunder over hele verden. B\u00e6redygtighed\/milj\u00f8 Hos Laholm St\u00e5l er vi forpligtet til at drive [&hellip;]<\/p>\n","protected":false},"author":15,"featured_media":0,"parent":0,"menu_order":0,"comment_status":"closed","ping_status":"closed","template":"","meta":{"site-sidebar-layout":"no-sidebar","site-content-layout":"page-builder","ast-site-content-layout":"full-width-container","site-content-style":"unboxed","site-sidebar-style":"unboxed","ast-global-header-display":"","ast-banner-title-visibility":"","ast-main-header-display":"","ast-hfb-above-header-display":"","ast-hfb-below-header-display":"","ast-hfb-mobile-header-display":"","site-post-title":"disabled","ast-breadcrumbs-content":"","ast-featured-img":"disabled","footer-sml-layout":"","ast-disable-related-posts":"","theme-transparent-header-meta":"enabled","adv-header-id-meta":"","stick-header-meta":"","header-above-stick-meta":"","header-main-stick-meta":"","header-below-stick-meta":"","astra-migrate-meta-layouts":"default","ast-page-background-enabled":"default","ast-page-background-meta":{"desktop":{"background-color":"var(--ast-global-color-4)","background-image":"","background-repeat":"repeat","background-position":"center center","background-size":"auto","background-attachment":"scroll","background-type":"","background-media":"","overlay-type":"","overlay-color":"","overlay-opacity":"","overlay-gradient":""},"tablet":{"background-color":"","background-image":"","background-repeat":"repeat","background-position":"center center","background-size":"auto","background-attachment":"scroll","background-type":"","background-media":"","overlay-type":"","overlay-color":"","overlay-opacity":"","overlay-gradient":""},"mobile":{"background-color":"","background-image":"","background-repeat":"repeat","background-position":"center center","background-size":"auto","background-attachment":"scroll","background-type":"","background-media":"","overlay-type":"","overlay-color":"","overlay-opacity":"","overlay-gradient":""}},"ast-content-background-meta":{"desktop":{"background-color":"var(--ast-global-color-5)","background-image":"","background-repeat":"repeat","background-position":"center center","background-size":"auto","background-attachment":"scroll","background-type":"","background-media":"","overlay-type":"","overlay-color":"","overlay-opacity":"","overlay-gradient":""},"tablet":{"background-color":"var(--ast-global-color-5)","background-image":"","background-repeat":"repeat","background-position":"center center","background-size":"auto","background-attachment":"scroll","background-type":"","background-media":"","overlay-type":"","overlay-color":"","overlay-opacity":"","overlay-gradient":""},"mobile":{"background-color":"var(--ast-global-color-5)","background-image":"","background-repeat":"repeat","background-position":"center center","background-size":"auto","background-attachment":"scroll","background-type":"","background-media":"","overlay-type":"","overlay-color":"","overlay-opacity":"","overlay-gradient":""}},"footnotes":""},"class_list":["post-5618","page","type-page","status-publish","hentry"],"yoast_head":"<!-- This site is optimized with the Yoast SEO plugin v27.2 - https:\/\/yoast.com\/product\/yoast-seo-wordpress\/ -->\n<title>Kvalitet\/milj\u00f8 - Laholm St\u00e5l<\/title>\n<meta name=\"robots\" content=\"index, follow, max-snippet:-1, max-image-preview:large, max-video-preview:-1\" \/>\n<link rel=\"canonical\" href=\"https:\/\/laholmstal.hemsida.eu\/kvalitet-miljo\/\" \/>\n<meta property=\"og:locale\" content=\"da_DK\" \/>\n<meta property=\"og:type\" content=\"article\" \/>\n<meta property=\"og:title\" content=\"Kvalitet\/milj\u00f8 - Laholm St\u00e5l\" \/>\n<meta property=\"og:description\" content=\"Kvalitet\/milj\u00f8 Kvalitet Laholm St\u00e5l har en lang historie med kvalitet og b\u00e6redygtighed. Vi bestr\u00e6ber os p\u00e5 at levere st\u00e5lprodukter af h\u00f8jeste standard og p\u00e5lidelighed. Ved at prioritere innovation og ansvarlig produktion forts\u00e6tter vi med at v\u00e6re en p\u00e5lidelig partner for vores kunder over hele verden. B\u00e6redygtighed\/milj\u00f8 Hos Laholm St\u00e5l er vi forpligtet til at drive [&hellip;]\" \/>\n<meta property=\"og:url\" content=\"https:\/\/laholmstal.hemsida.eu\/kvalitet-miljo\/\" \/>\n<meta property=\"og:site_name\" content=\"Laholm St\u00e5l\" \/>\n<meta property=\"article:modified_time\" content=\"2024-05-04T14:57:51+00:00\" \/>\n<meta property=\"og:image\" content=\"https:\/\/laholmstal.hemsida.eu\/wp-content\/uploads\/2024\/02\/IMG_1882-1024x683.jpg\" \/>\n<meta name=\"twitter:card\" content=\"summary_large_image\" \/>\n<meta name=\"twitter:label1\" content=\"Estimeret l\u00e6setid\" \/>\n\t<meta name=\"twitter:data1\" content=\"1 minut\" \/>\n<script type=\"application\/ld+json\" class=\"yoast-schema-graph\">{\"@context\":\"https:\/\/schema.org\",\"@graph\":[{\"@type\":\"WebPage\",\"@id\":\"https:\/\/laholmstal.hemsida.eu\/kvalitet-miljo\/\",\"url\":\"https:\/\/laholmstal.hemsida.eu\/kvalitet-miljo\/\",\"name\":\"Kvalitet\/milj\u00f8 - Laholm St\u00e5l\",\"isPartOf\":{\"@id\":\"https:\/\/laholmstal.hemsida.eu\/no\/#website\"},\"primaryImageOfPage\":{\"@id\":\"https:\/\/laholmstal.hemsida.eu\/kvalitet-miljo\/#primaryimage\"},\"image\":{\"@id\":\"https:\/\/laholmstal.hemsida.eu\/kvalitet-miljo\/#primaryimage\"},\"thumbnailUrl\":\"https:\/\/laholmstal.se\/wp-content\/uploads\/2024\/02\/IMG_1882-1024x683.jpg\",\"datePublished\":\"2024-02-12T08:09:09+00:00\",\"dateModified\":\"2024-05-04T14:57:51+00:00\",\"breadcrumb\":{\"@id\":\"https:\/\/laholmstal.hemsida.eu\/kvalitet-miljo\/#breadcrumb\"},\"inLanguage\":\"da-DK\",\"potentialAction\":[{\"@type\":\"ReadAction\",\"target\":[\"https:\/\/laholmstal.hemsida.eu\/kvalitet-miljo\/\"]}]},{\"@type\":\"ImageObject\",\"inLanguage\":\"da-DK\",\"@id\":\"https:\/\/laholmstal.hemsida.eu\/kvalitet-miljo\/#primaryimage\",\"url\":\"https:\/\/laholmstal.se\/wp-content\/uploads\/2024\/02\/IMG_1882-1024x683.jpg\",\"contentUrl\":\"https:\/\/laholmstal.se\/wp-content\/uploads\/2024\/02\/IMG_1882-1024x683.jpg\"},{\"@type\":\"BreadcrumbList\",\"@id\":\"https:\/\/laholmstal.hemsida.eu\/kvalitet-miljo\/#breadcrumb\",\"itemListElement\":[{\"@type\":\"ListItem\",\"position\":1,\"name\":\"Hem\",\"item\":\"https:\/\/laholmstal.se\/da\/hjem\/\"},{\"@type\":\"ListItem\",\"position\":2,\"name\":\"Kvalitet\/milj\u00f8\"}]},{\"@type\":\"WebSite\",\"@id\":\"https:\/\/laholmstal.hemsida.eu\/no\/#website\",\"url\":\"https:\/\/laholmstal.hemsida.eu\/no\/\",\"name\":\"Laholm St\u00e5l\",\"description\":\"Laholm st\u00e5l\",\"publisher\":{\"@id\":\"https:\/\/laholmstal.hemsida.eu\/no\/#organization\"},\"potentialAction\":[{\"@type\":\"SearchAction\",\"target\":{\"@type\":\"EntryPoint\",\"urlTemplate\":\"https:\/\/laholmstal.hemsida.eu\/no\/?s={search_term_string}\"},\"query-input\":{\"@type\":\"PropertyValueSpecification\",\"valueRequired\":true,\"valueName\":\"search_term_string\"}}],\"inLanguage\":\"da-DK\"},{\"@type\":\"Organization\",\"@id\":\"https:\/\/laholmstal.hemsida.eu\/no\/#organization\",\"name\":\"Laholm St\u00e5l\",\"url\":\"https:\/\/laholmstal.hemsida.eu\/no\/\",\"logo\":{\"@type\":\"ImageObject\",\"inLanguage\":\"da-DK\",\"@id\":\"https:\/\/laholmstal.hemsida.eu\/no\/#\/schema\/logo\/image\/\",\"url\":\"https:\/\/laholmstal.se\/wp-content\/uploads\/2022\/11\/cropped-F2ED02B6-FD1A-419B-A354-0ECD68170DD6.png\",\"contentUrl\":\"https:\/\/laholmstal.se\/wp-content\/uploads\/2022\/11\/cropped-F2ED02B6-FD1A-419B-A354-0ECD68170DD6.png\",\"width\":1080,\"height\":331,\"caption\":\"Laholm St\u00e5l\"},\"image\":{\"@id\":\"https:\/\/laholmstal.hemsida.eu\/no\/#\/schema\/logo\/image\/\"}}]}<\/script>\n<!-- \/ Yoast SEO plugin. -->","yoast_head_json":{"title":"Kvalitet\/milj\u00f8 - Laholm St\u00e5l","robots":{"index":"index","follow":"follow","max-snippet":"max-snippet:-1","max-image-preview":"max-image-preview:large","max-video-preview":"max-video-preview:-1"},"canonical":"https:\/\/laholmstal.hemsida.eu\/kvalitet-miljo\/","og_locale":"da_DK","og_type":"article","og_title":"Kvalitet\/milj\u00f8 - Laholm St\u00e5l","og_description":"Kvalitet\/milj\u00f8 Kvalitet Laholm St\u00e5l har en lang historie med kvalitet og b\u00e6redygtighed. Vi bestr\u00e6ber os p\u00e5 at levere st\u00e5lprodukter af h\u00f8jeste standard og p\u00e5lidelighed. Ved at prioritere innovation og ansvarlig produktion forts\u00e6tter vi med at v\u00e6re en p\u00e5lidelig partner for vores kunder over hele verden. B\u00e6redygtighed\/milj\u00f8 Hos Laholm St\u00e5l er vi forpligtet til at drive [&hellip;]","og_url":"https:\/\/laholmstal.hemsida.eu\/kvalitet-miljo\/","og_site_name":"Laholm St\u00e5l","article_modified_time":"2024-05-04T14:57:51+00:00","og_image":[{"url":"https:\/\/laholmstal.hemsida.eu\/wp-content\/uploads\/2024\/02\/IMG_1882-1024x683.jpg","type":"","width":"","height":""}],"twitter_card":"summary_large_image","twitter_misc":{"Estimeret l\u00e6setid":"1 minut"},"schema":{"@context":"https:\/\/schema.org","@graph":[{"@type":"WebPage","@id":"https:\/\/laholmstal.hemsida.eu\/kvalitet-miljo\/","url":"https:\/\/laholmstal.hemsida.eu\/kvalitet-miljo\/","name":"Kvalitet\/milj\u00f8 - Laholm St\u00e5l","isPartOf":{"@id":"https:\/\/laholmstal.hemsida.eu\/no\/#website"},"primaryImageOfPage":{"@id":"https:\/\/laholmstal.hemsida.eu\/kvalitet-miljo\/#primaryimage"},"image":{"@id":"https:\/\/laholmstal.hemsida.eu\/kvalitet-miljo\/#primaryimage"},"thumbnailUrl":"https:\/\/laholmstal.se\/wp-content\/uploads\/2024\/02\/IMG_1882-1024x683.jpg","datePublished":"2024-02-12T08:09:09+00:00","dateModified":"2024-05-04T14:57:51+00:00","breadcrumb":{"@id":"https:\/\/laholmstal.hemsida.eu\/kvalitet-miljo\/#breadcrumb"},"inLanguage":"da-DK","potentialAction":[{"@type":"ReadAction","target":["https:\/\/laholmstal.hemsida.eu\/kvalitet-miljo\/"]}]},{"@type":"ImageObject","inLanguage":"da-DK","@id":"https:\/\/laholmstal.hemsida.eu\/kvalitet-miljo\/#primaryimage","url":"https:\/\/laholmstal.se\/wp-content\/uploads\/2024\/02\/IMG_1882-1024x683.jpg","contentUrl":"https:\/\/laholmstal.se\/wp-content\/uploads\/2024\/02\/IMG_1882-1024x683.jpg"},{"@type":"BreadcrumbList","@id":"https:\/\/laholmstal.hemsida.eu\/kvalitet-miljo\/#breadcrumb","itemListElement":[{"@type":"ListItem","position":1,"name":"Hem","item":"https:\/\/laholmstal.se\/da\/hjem\/"},{"@type":"ListItem","position":2,"name":"Kvalitet\/milj\u00f8"}]},{"@type":"WebSite","@id":"https:\/\/laholmstal.hemsida.eu\/no\/#website","url":"https:\/\/laholmstal.hemsida.eu\/no\/","name":"Laholm St\u00e5l","description":"Laholm st\u00e5l","publisher":{"@id":"https:\/\/laholmstal.hemsida.eu\/no\/#organization"},"potentialAction":[{"@type":"SearchAction","target":{"@type":"EntryPoint","urlTemplate":"https:\/\/laholmstal.hemsida.eu\/no\/?s={search_term_string}"},"query-input":{"@type":"PropertyValueSpecification","valueRequired":true,"valueName":"search_term_string"}}],"inLanguage":"da-DK"},{"@type":"Organization","@id":"https:\/\/laholmstal.hemsida.eu\/no\/#organization","name":"Laholm St\u00e5l","url":"https:\/\/laholmstal.hemsida.eu\/no\/","logo":{"@type":"ImageObject","inLanguage":"da-DK","@id":"https:\/\/laholmstal.hemsida.eu\/no\/#\/schema\/logo\/image\/","url":"https:\/\/laholmstal.se\/wp-content\/uploads\/2022\/11\/cropped-F2ED02B6-FD1A-419B-A354-0ECD68170DD6.png","contentUrl":"https:\/\/laholmstal.se\/wp-content\/uploads\/2022\/11\/cropped-F2ED02B6-FD1A-419B-A354-0ECD68170DD6.png","width":1080,"height":331,"caption":"Laholm St\u00e5l"},"image":{"@id":"https:\/\/laholmstal.hemsida.eu\/no\/#\/schema\/logo\/image\/"}}]}},"_links":{"self":[{"href":"https:\/\/laholmstal.se\/da\/wp-json\/wp\/v2\/pages\/5618","targetHints":{"allow":["GET"]}}],"collection":[{"href":"https:\/\/laholmstal.se\/da\/wp-json\/wp\/v2\/pages"}],"about":[{"href":"https:\/\/laholmstal.se\/da\/wp-json\/wp\/v2\/types\/page"}],"author":[{"embeddable":true,"href":"https:\/\/laholmstal.se\/da\/wp-json\/wp\/v2\/users\/15"}],"replies":[{"embeddable":true,"href":"https:\/\/laholmstal.se\/da\/wp-json\/wp\/v2\/comments?post=5618"}],"version-history":[{"count":0,"href":"https:\/\/laholmstal.se\/da\/wp-json\/wp\/v2\/pages\/5618\/revisions"}],"wp:attachment":[{"href":"https:\/\/laholmstal.se\/da\/wp-json\/wp\/v2\/media?parent=5618"}],"curies":[{"name":"wp","href":"https:\/\/api.w.org\/{rel}","templated":true}]}}