{"id":5621,"date":"2024-02-12T09:09:09","date_gmt":"2024-02-12T08:09:09","guid":{"rendered":"https:\/\/laholmstal.se\/?page_id=5621"},"modified":"2024-05-04T16:57:52","modified_gmt":"2024-05-04T14:57:52","slug":"tietoa-meista","status":"publish","type":"page","link":"https:\/\/laholmstal.se\/fi\/tietoa-meista\/","title":{"rendered":"Laatu\/Ymp\u00e4rist\u00f6"},"content":{"rendered":"\t\t<div data-elementor-type=\"wp-page\" data-elementor-id=\"5621\" class=\"elementor elementor-5621 elementor-5617\" data-elementor-post-type=\"page\">\n\t\t\t\t<div class=\"elementor-element elementor-element-4094ee7 e-flex e-con-boxed e-con e-parent\" data-id=\"4094ee7\" data-element_type=\"container\" data-e-type=\"container\" data-settings=\"{&quot;background_background&quot;:&quot;classic&quot;}\">\n\t\t\t\t\t<div class=\"e-con-inner\">\n\t\t<div class=\"elementor-element elementor-element-8695738 e-con-full e-flex e-con e-child\" data-id=\"8695738\" data-element_type=\"container\" data-e-type=\"container\">\n\t\t\t\t<div class=\"elementor-element elementor-element-2646c9c elementor-invisible elementor-widget elementor-widget-heading\" data-id=\"2646c9c\" data-element_type=\"widget\" data-e-type=\"widget\" data-settings=\"{&quot;_animation&quot;:&quot;fadeIn&quot;}\" data-widget_type=\"heading.default\">\n\t\t\t\t<div class=\"elementor-widget-container\">\n\t\t\t\t\t<h1 class=\"elementor-heading-title elementor-size-default\">Laatu\/Ymp\u00e4rist\u00f6<\/h1>\t\t\t\t<\/div>\n\t\t\t\t<\/div>\n\t\t\t\t<\/div>\n\t\t\t\t\t<\/div>\n\t\t\t\t<\/div>\n\t\t<div class=\"elementor-element elementor-element-ca61669 e-flex e-con-boxed e-con e-parent\" data-id=\"ca61669\" data-element_type=\"container\" data-e-type=\"container\">\n\t\t\t\t\t<div class=\"e-con-inner\">\n\t\t<div class=\"elementor-element elementor-element-32122f1 e-con-full e-flex elementor-invisible e-con e-child\" data-id=\"32122f1\" data-element_type=\"container\" data-e-type=\"container\" data-settings=\"{&quot;animation&quot;:&quot;fadeInRight&quot;}\">\n\t\t\t\t<div class=\"elementor-element elementor-element-7046437 elementor-widget elementor-widget-heading\" data-id=\"7046437\" data-element_type=\"widget\" data-e-type=\"widget\" data-widget_type=\"heading.default\">\n\t\t\t\t<div class=\"elementor-widget-container\">\n\t\t\t\t\t<h2 class=\"elementor-heading-title elementor-size-default\">Laatu<\/h2>\t\t\t\t<\/div>\n\t\t\t\t<\/div>\n\t\t\t\t<div class=\"elementor-element elementor-element-e44da7c elementor-widget elementor-widget-text-editor\" data-id=\"e44da7c\" data-element_type=\"widget\" data-e-type=\"widget\" data-widget_type=\"text-editor.default\">\n\t\t\t\t<div class=\"elementor-widget-container\">\n\t\t\t\t\t\t\t\t\t<p>Laholm St\u00e5lilla on pitk\u00e4 historia laadun ja kest\u00e4vyyden alalla. Pyrimme toimittamaan korkealaatuisia ja luotettavia ter\u00e4stuotteita. Asettamalla etusijalle innovaatiot ja vastuullisen valmistuksen olemme edelleen luotettava kumppani asiakkaillemme kaikkialla maailmassa.<\/p>\n\t\t\t\t\t\t\t\t<\/div>\n\t\t\t\t<\/div>\n\t\t\t\t<div class=\"elementor-element elementor-element-33ac4fb elementor-widget elementor-widget-heading\" data-id=\"33ac4fb\" data-element_type=\"widget\" data-e-type=\"widget\" data-widget_type=\"heading.default\">\n\t\t\t\t<div class=\"elementor-widget-container\">\n\t\t\t\t\t<h2 class=\"elementor-heading-title elementor-size-default\">Kest\u00e4v\u00e4 kehitys\/ymp\u00e4rist\u00f6<\/h2>\t\t\t\t<\/div>\n\t\t\t\t<\/div>\n\t\t\t\t<div class=\"elementor-element elementor-element-ef7cd59 elementor-widget elementor-widget-text-editor\" data-id=\"ef7cd59\" data-element_type=\"widget\" data-e-type=\"widget\" data-widget_type=\"text-editor.default\">\n\t\t\t\t<div class=\"elementor-widget-container\">\n\t\t\t\t\t\t\t\t\t<p>Me Laholm St\u00e5lissa olemme sitoutuneet hoitamaan ter\u00e4svalimoamme vastuullisesti ja kest\u00e4v\u00e4sti. Meill\u00e4 on ISO 14001 -sertifikaatti, ja k\u00e4yt\u00e4mme fossiilivapaata s\u00e4hk\u00f6\u00e4 sek\u00e4 ter\u00e4ksen sulatukseen ett\u00e4 l\u00e4mp\u00f6k\u00e4sittelyyn minimoidaksemme ymp\u00e4rist\u00f6vaikutuksemme ja maksimoidaksemme kest\u00e4v\u00e4n kehityksen, joka vastaa t\u00e4m\u00e4n p\u00e4iv\u00e4n tarpeita vaarantamatta tulevien sukupolvien kyky\u00e4 vastata tarpeisiinsa.<span class=\"Apple-converted-space\"> <\/span><\/p>\n<p>K\u00e4ytt\u00e4m\u00e4ll\u00e4 nykyaikaisia tuotantomenetelmi\u00e4 ja kierr\u00e4tysmateriaaleja pyrimme v\u00e4hent\u00e4m\u00e4\u00e4n ymp\u00e4rist\u00f6vaikutuksiamme ja samalla tuottamaan korkealaatuisia tuotteita.<\/p>\n<\/p>\n<p>Yksi keskipakovalun merkitt\u00e4vimmist\u00e4 eduista on sen kyky luoda projektin kannalta ainutlaatuisia valmiiksi ty\u00f6stettyj\u00e4 putkia mahdollisimman pienell\u00e4 materiaalih\u00e4vi\u00f6ll\u00e4. T\u00e4m\u00e4 tekee menetelm\u00e4st\u00e4 kustannustehokkaan ja resurssitehokkaan, ja samalla se mahdollistaa tarkkojen eritelmien mukaisten osien valmistuksen.<\/p>\n\t\t\t\t\t\t\t\t<\/div>\n\t\t\t\t<\/div>\n\t\t\t\t<\/div>\n\t\t<div class=\"elementor-element elementor-element-10b04a9 e-con-full e-flex e-con e-child\" data-id=\"10b04a9\" data-element_type=\"container\" data-e-type=\"container\">\n\t\t\t\t<div class=\"elementor-element elementor-element-7265146 elementor-widget__width-initial elementor-invisible elementor-widget elementor-widget-image\" data-id=\"7265146\" data-element_type=\"widget\" data-e-type=\"widget\" data-settings=\"{&quot;_animation&quot;:&quot;fadeInRight&quot;}\" data-widget_type=\"image.default\">\n\t\t\t\t<div class=\"elementor-widget-container\">\n\t\t\t\t\t\t\t\t\t\t\t\t\t\t\t<img fetchpriority=\"high\" decoding=\"async\" width=\"1024\" height=\"683\" src=\"https:\/\/laholmstal.se\/wp-content\/uploads\/2024\/02\/IMG_1882-1024x683.jpg\" class=\"attachment-large size-large wp-image-5669\" alt=\"\" srcset=\"https:\/\/laholmstal.se\/wp-content\/uploads\/2024\/02\/IMG_1882-1024x683.jpg 1024w, https:\/\/laholmstal.se\/wp-content\/uploads\/2024\/02\/IMG_1882-300x200.jpg 300w, https:\/\/laholmstal.se\/wp-content\/uploads\/2024\/02\/IMG_1882-768x512.jpg 768w, https:\/\/laholmstal.se\/wp-content\/uploads\/2024\/02\/IMG_1882-1536x1024.jpg 1536w, https:\/\/laholmstal.se\/wp-content\/uploads\/2024\/02\/IMG_1882-2048x1365.jpg 2048w\" sizes=\"(max-width: 1024px) 100vw, 1024px\" \/>\t\t\t\t\t\t\t\t\t\t\t\t\t\t\t<\/div>\n\t\t\t\t<\/div>\n\t\t\t\t<div class=\"elementor-element elementor-element-340988f elementor-invisible elementor-widget elementor-widget-image\" data-id=\"340988f\" data-element_type=\"widget\" data-e-type=\"widget\" data-settings=\"{&quot;_animation&quot;:&quot;fadeInRight&quot;}\" data-widget_type=\"image.default\">\n\t\t\t\t<div class=\"elementor-widget-container\">\n\t\t\t\t\t\t\t\t\t\t\t\t\t\t\t<img decoding=\"async\" width=\"1024\" height=\"682\" src=\"https:\/\/laholmstal.se\/wp-content\/uploads\/2022\/11\/cropped-IMG_1757-1-scaled-1-1024x682.jpg\" class=\"attachment-large size-large wp-image-3360\" alt=\"\" srcset=\"https:\/\/laholmstal.se\/wp-content\/uploads\/2022\/11\/cropped-IMG_1757-1-scaled-1-1024x682.jpg 1024w, https:\/\/laholmstal.se\/wp-content\/uploads\/2022\/11\/cropped-IMG_1757-1-scaled-1-300x200.jpg 300w, https:\/\/laholmstal.se\/wp-content\/uploads\/2022\/11\/cropped-IMG_1757-1-scaled-1-768x512.jpg 768w, https:\/\/laholmstal.se\/wp-content\/uploads\/2022\/11\/cropped-IMG_1757-1-scaled-1-1536x1023.jpg 1536w, https:\/\/laholmstal.se\/wp-content\/uploads\/2022\/11\/cropped-IMG_1757-1-scaled-1-2048x1364.jpg 2048w\" sizes=\"(max-width: 1024px) 100vw, 1024px\" \/>\t\t\t\t\t\t\t\t\t\t\t\t\t\t\t<\/div>\n\t\t\t\t<\/div>\n\t\t\t\t<\/div>\n\t\t\t\t\t<\/div>\n\t\t\t\t<\/div>\n\t\t<div class=\"elementor-element elementor-element-db260b8 e-flex e-con-boxed e-con e-parent\" data-id=\"db260b8\" data-element_type=\"container\" data-e-type=\"container\">\n\t\t\t\t\t<div class=\"e-con-inner\">\n\t\t<div class=\"elementor-element elementor-element-7196554 e-con-full e-flex e-con e-child\" data-id=\"7196554\" data-element_type=\"container\" data-e-type=\"container\">\n\t\t\t\t<div class=\"elementor-element elementor-element-ff5cd1b elementor-widget elementor-widget-heading\" data-id=\"ff5cd1b\" data-element_type=\"widget\" data-e-type=\"widget\" data-widget_type=\"heading.default\">\n\t\t\t\t<div class=\"elementor-widget-container\">\n\t\t\t\t\t<h2 class=\"elementor-heading-title elementor-size-default\">Sertifikaattimme:<\/h2>\t\t\t\t<\/div>\n\t\t\t\t<\/div>\n\t\t\t\t<div class=\"elementor-element elementor-element-5edbcd0 elementor-widget-divider--view-line elementor-widget elementor-widget-divider\" data-id=\"5edbcd0\" data-element_type=\"widget\" data-e-type=\"widget\" data-widget_type=\"divider.default\">\n\t\t\t\t<div class=\"elementor-widget-container\">\n\t\t\t\t\t\t\t<div class=\"elementor-divider\">\n\t\t\t<span class=\"elementor-divider-separator\">\n\t\t\t\t\t\t<\/span>\n\t\t<\/div>\n\t\t\t\t\t\t<\/div>\n\t\t\t\t<\/div>\n\t\t\t\t<div class=\"elementor-element elementor-element-d5dd5bd elementor-widget elementor-widget-heading\" data-id=\"d5dd5bd\" data-element_type=\"widget\" data-e-type=\"widget\" data-widget_type=\"heading.default\">\n\t\t\t\t<div class=\"elementor-widget-container\">\n\t\t\t\t\t<h2 class=\"elementor-heading-title elementor-size-default\">ABS:n (Amercan Bureau of Shipping) hyv\u00e4ksym\u00e4 ter\u00e4ksenvalmistaja.<\/h2>\t\t\t\t<\/div>\n\t\t\t\t<\/div>\n\t\t\t\t<div class=\"elementor-element elementor-element-dc4b69d elementor-widget elementor-widget-heading\" data-id=\"dc4b69d\" data-element_type=\"widget\" data-e-type=\"widget\" data-widget_type=\"heading.default\">\n\t\t\t\t<div class=\"elementor-widget-container\">\n\t\t\t\t\t<h2 class=\"elementor-heading-title elementor-size-default\">DNV:n (Det Norske Veritas) hyv\u00e4ksym\u00e4 ter\u00e4ksen tuottaja.<\/h2>\t\t\t\t<\/div>\n\t\t\t\t<\/div>\n\t\t\t\t<div class=\"elementor-element elementor-element-e696d96 elementor-widget elementor-widget-heading\" data-id=\"e696d96\" data-element_type=\"widget\" data-e-type=\"widget\" data-widget_type=\"heading.default\">\n\t\t\t\t<div class=\"elementor-widget-container\">\n\t\t\t\t\t<h2 class=\"elementor-heading-title elementor-size-default\">Painelaitedirektiivi (PED) (2014\/68\/EU)<\/h2>\t\t\t\t<\/div>\n\t\t\t\t<\/div>\n\t\t\t\t<div class=\"elementor-element elementor-element-e0e7b77 elementor-widget elementor-widget-heading\" data-id=\"e0e7b77\" data-element_type=\"widget\" data-e-type=\"widget\" data-widget_type=\"heading.default\">\n\t\t\t\t<div class=\"elementor-widget-container\">\n\t\t\t\t\t<h2 class=\"elementor-heading-title elementor-size-default\">ISO 14001<\/h2>\t\t\t\t<\/div>\n\t\t\t\t<\/div>\n\t\t\t\t<div class=\"elementor-element elementor-element-aaff545 elementor-widget elementor-widget-heading\" data-id=\"aaff545\" data-element_type=\"widget\" data-e-type=\"widget\" data-widget_type=\"heading.default\">\n\t\t\t\t<div class=\"elementor-widget-container\">\n\t\t\t\t\t<h2 class=\"elementor-heading-title elementor-size-default\">ISO 9001<\/h2>\t\t\t\t<\/div>\n\t\t\t\t<\/div>\n\t\t\t\t<\/div>\n\t\t\t\t\t<\/div>\n\t\t\t\t<\/div>\n\t\t\t\t<\/div>\n\t\t","protected":false},"excerpt":{"rendered":"<p>Laatu\/Ymp\u00e4rist\u00f6 Laatu Laholm St\u00e5lilla on pitk\u00e4 historia laadun ja kest\u00e4vyyden alalla. Pyrimme toimittamaan korkealaatuisia ja luotettavia ter\u00e4stuotteita. Asettamalla etusijalle innovaatiot ja vastuullisen valmistuksen olemme edelleen luotettava kumppani asiakkaillemme kaikkialla maailmassa. Kest\u00e4v\u00e4 kehitys\/ymp\u00e4rist\u00f6 Me Laholm St\u00e5lissa olemme sitoutuneet hoitamaan ter\u00e4svalimoamme vastuullisesti ja kest\u00e4v\u00e4sti. Meill\u00e4 on ISO 14001 -sertifikaatti, ja k\u00e4yt\u00e4mme fossiilivapaata s\u00e4hk\u00f6\u00e4 sek\u00e4 ter\u00e4ksen sulatukseen ett\u00e4 [&hellip;]<\/p>\n","protected":false},"author":15,"featured_media":0,"parent":0,"menu_order":0,"comment_status":"closed","ping_status":"closed","template":"","meta":{"site-sidebar-layout":"no-sidebar","site-content-layout":"page-builder","ast-site-content-layout":"full-width-container","site-content-style":"unboxed","site-sidebar-style":"unboxed","ast-global-header-display":"","ast-banner-title-visibility":"","ast-main-header-display":"","ast-hfb-above-header-display":"","ast-hfb-below-header-display":"","ast-hfb-mobile-header-display":"","site-post-title":"disabled","ast-breadcrumbs-content":"","ast-featured-img":"disabled","footer-sml-layout":"","ast-disable-related-posts":"","theme-transparent-header-meta":"enabled","adv-header-id-meta":"","stick-header-meta":"","header-above-stick-meta":"","header-main-stick-meta":"","header-below-stick-meta":"","astra-migrate-meta-layouts":"default","ast-page-background-enabled":"default","ast-page-background-meta":{"desktop":{"background-color":"var(--ast-global-color-4)","background-image":"","background-repeat":"repeat","background-position":"center center","background-size":"auto","background-attachment":"scroll","background-type":"","background-media":"","overlay-type":"","overlay-color":"","overlay-opacity":"","overlay-gradient":""},"tablet":{"background-color":"","background-image":"","background-repeat":"repeat","background-position":"center center","background-size":"auto","background-attachment":"scroll","background-type":"","background-media":"","overlay-type":"","overlay-color":"","overlay-opacity":"","overlay-gradient":""},"mobile":{"background-color":"","background-image":"","background-repeat":"repeat","background-position":"center center","background-size":"auto","background-attachment":"scroll","background-type":"","background-media":"","overlay-type":"","overlay-color":"","overlay-opacity":"","overlay-gradient":""}},"ast-content-background-meta":{"desktop":{"background-color":"var(--ast-global-color-5)","background-image":"","background-repeat":"repeat","background-position":"center center","background-size":"auto","background-attachment":"scroll","background-type":"","background-media":"","overlay-type":"","overlay-color":"","overlay-opacity":"","overlay-gradient":""},"tablet":{"background-color":"var(--ast-global-color-5)","background-image":"","background-repeat":"repeat","background-position":"center center","background-size":"auto","background-attachment":"scroll","background-type":"","background-media":"","overlay-type":"","overlay-color":"","overlay-opacity":"","overlay-gradient":""},"mobile":{"background-color":"var(--ast-global-color-5)","background-image":"","background-repeat":"repeat","background-position":"center center","background-size":"auto","background-attachment":"scroll","background-type":"","background-media":"","overlay-type":"","overlay-color":"","overlay-opacity":"","overlay-gradient":""}},"footnotes":""},"class_list":["post-5621","page","type-page","status-publish","hentry"],"yoast_head":"<!-- This site is optimized with the Yoast SEO plugin v27.2 - https:\/\/yoast.com\/product\/yoast-seo-wordpress\/ -->\n<title>Laatu\/Ymp\u00e4rist\u00f6 - Laholm St\u00e5l<\/title>\n<meta name=\"robots\" content=\"index, follow, max-snippet:-1, max-image-preview:large, max-video-preview:-1\" \/>\n<link rel=\"canonical\" href=\"https:\/\/laholmstal.hemsida.eu\/kvalitet-miljo\/\" \/>\n<meta property=\"og:locale\" content=\"fi_FI\" \/>\n<meta property=\"og:type\" content=\"article\" \/>\n<meta property=\"og:title\" content=\"Laatu\/Ymp\u00e4rist\u00f6 - Laholm St\u00e5l\" \/>\n<meta property=\"og:description\" content=\"Laatu\/Ymp\u00e4rist\u00f6 Laatu Laholm St\u00e5lilla on pitk\u00e4 historia laadun ja kest\u00e4vyyden alalla. Pyrimme toimittamaan korkealaatuisia ja luotettavia ter\u00e4stuotteita. Asettamalla etusijalle innovaatiot ja vastuullisen valmistuksen olemme edelleen luotettava kumppani asiakkaillemme kaikkialla maailmassa. Kest\u00e4v\u00e4 kehitys\/ymp\u00e4rist\u00f6 Me Laholm St\u00e5lissa olemme sitoutuneet hoitamaan ter\u00e4svalimoamme vastuullisesti ja kest\u00e4v\u00e4sti. Meill\u00e4 on ISO 14001 -sertifikaatti, ja k\u00e4yt\u00e4mme fossiilivapaata s\u00e4hk\u00f6\u00e4 sek\u00e4 ter\u00e4ksen sulatukseen ett\u00e4 [&hellip;]\" \/>\n<meta property=\"og:url\" content=\"https:\/\/laholmstal.hemsida.eu\/kvalitet-miljo\/\" \/>\n<meta property=\"og:site_name\" content=\"Laholm St\u00e5l\" \/>\n<meta property=\"article:modified_time\" content=\"2024-05-04T14:57:52+00:00\" \/>\n<meta property=\"og:image\" content=\"https:\/\/laholmstal.hemsida.eu\/wp-content\/uploads\/2024\/02\/IMG_1882-1024x683.jpg\" \/>\n<meta name=\"twitter:card\" content=\"summary_large_image\" \/>\n<meta name=\"twitter:label1\" content=\"Arvioitu lukuaika\" \/>\n\t<meta name=\"twitter:data1\" content=\"1 minuutti\" \/>\n<script type=\"application\/ld+json\" class=\"yoast-schema-graph\">{\"@context\":\"https:\/\/schema.org\",\"@graph\":[{\"@type\":\"WebPage\",\"@id\":\"https:\/\/laholmstal.hemsida.eu\/kvalitet-miljo\/\",\"url\":\"https:\/\/laholmstal.hemsida.eu\/kvalitet-miljo\/\",\"name\":\"Laatu\/Ymp\u00e4rist\u00f6 - Laholm St\u00e5l\",\"isPartOf\":{\"@id\":\"https:\/\/laholmstal.hemsida.eu\/no\/#website\"},\"primaryImageOfPage\":{\"@id\":\"https:\/\/laholmstal.hemsida.eu\/kvalitet-miljo\/#primaryimage\"},\"image\":{\"@id\":\"https:\/\/laholmstal.hemsida.eu\/kvalitet-miljo\/#primaryimage\"},\"thumbnailUrl\":\"https:\/\/laholmstal.se\/wp-content\/uploads\/2024\/02\/IMG_1882-1024x683.jpg\",\"datePublished\":\"2024-02-12T08:09:09+00:00\",\"dateModified\":\"2024-05-04T14:57:52+00:00\",\"breadcrumb\":{\"@id\":\"https:\/\/laholmstal.hemsida.eu\/kvalitet-miljo\/#breadcrumb\"},\"inLanguage\":\"fi\",\"potentialAction\":[{\"@type\":\"ReadAction\",\"target\":[\"https:\/\/laholmstal.hemsida.eu\/kvalitet-miljo\/\"]}]},{\"@type\":\"ImageObject\",\"inLanguage\":\"fi\",\"@id\":\"https:\/\/laholmstal.hemsida.eu\/kvalitet-miljo\/#primaryimage\",\"url\":\"https:\/\/laholmstal.se\/wp-content\/uploads\/2024\/02\/IMG_1882-1024x683.jpg\",\"contentUrl\":\"https:\/\/laholmstal.se\/wp-content\/uploads\/2024\/02\/IMG_1882-1024x683.jpg\"},{\"@type\":\"BreadcrumbList\",\"@id\":\"https:\/\/laholmstal.hemsida.eu\/kvalitet-miljo\/#breadcrumb\",\"itemListElement\":[{\"@type\":\"ListItem\",\"position\":1,\"name\":\"Hem\",\"item\":\"https:\/\/laholmstal.se\/fi\/koti\/\"},{\"@type\":\"ListItem\",\"position\":2,\"name\":\"Laatu\/Ymp\u00e4rist\u00f6\"}]},{\"@type\":\"WebSite\",\"@id\":\"https:\/\/laholmstal.hemsida.eu\/no\/#website\",\"url\":\"https:\/\/laholmstal.hemsida.eu\/no\/\",\"name\":\"Laholm St\u00e5l\",\"description\":\"Laholm st\u00e5l\",\"publisher\":{\"@id\":\"https:\/\/laholmstal.hemsida.eu\/no\/#organization\"},\"potentialAction\":[{\"@type\":\"SearchAction\",\"target\":{\"@type\":\"EntryPoint\",\"urlTemplate\":\"https:\/\/laholmstal.hemsida.eu\/no\/?s={search_term_string}\"},\"query-input\":{\"@type\":\"PropertyValueSpecification\",\"valueRequired\":true,\"valueName\":\"search_term_string\"}}],\"inLanguage\":\"fi\"},{\"@type\":\"Organization\",\"@id\":\"https:\/\/laholmstal.hemsida.eu\/no\/#organization\",\"name\":\"Laholm St\u00e5l\",\"url\":\"https:\/\/laholmstal.hemsida.eu\/no\/\",\"logo\":{\"@type\":\"ImageObject\",\"inLanguage\":\"fi\",\"@id\":\"https:\/\/laholmstal.hemsida.eu\/no\/#\/schema\/logo\/image\/\",\"url\":\"https:\/\/laholmstal.se\/wp-content\/uploads\/2022\/11\/cropped-F2ED02B6-FD1A-419B-A354-0ECD68170DD6.png\",\"contentUrl\":\"https:\/\/laholmstal.se\/wp-content\/uploads\/2022\/11\/cropped-F2ED02B6-FD1A-419B-A354-0ECD68170DD6.png\",\"width\":1080,\"height\":331,\"caption\":\"Laholm St\u00e5l\"},\"image\":{\"@id\":\"https:\/\/laholmstal.hemsida.eu\/no\/#\/schema\/logo\/image\/\"}}]}<\/script>\n<!-- \/ Yoast SEO plugin. -->","yoast_head_json":{"title":"Laatu\/Ymp\u00e4rist\u00f6 - Laholm St\u00e5l","robots":{"index":"index","follow":"follow","max-snippet":"max-snippet:-1","max-image-preview":"max-image-preview:large","max-video-preview":"max-video-preview:-1"},"canonical":"https:\/\/laholmstal.hemsida.eu\/kvalitet-miljo\/","og_locale":"fi_FI","og_type":"article","og_title":"Laatu\/Ymp\u00e4rist\u00f6 - Laholm St\u00e5l","og_description":"Laatu\/Ymp\u00e4rist\u00f6 Laatu Laholm St\u00e5lilla on pitk\u00e4 historia laadun ja kest\u00e4vyyden alalla. Pyrimme toimittamaan korkealaatuisia ja luotettavia ter\u00e4stuotteita. Asettamalla etusijalle innovaatiot ja vastuullisen valmistuksen olemme edelleen luotettava kumppani asiakkaillemme kaikkialla maailmassa. Kest\u00e4v\u00e4 kehitys\/ymp\u00e4rist\u00f6 Me Laholm St\u00e5lissa olemme sitoutuneet hoitamaan ter\u00e4svalimoamme vastuullisesti ja kest\u00e4v\u00e4sti. Meill\u00e4 on ISO 14001 -sertifikaatti, ja k\u00e4yt\u00e4mme fossiilivapaata s\u00e4hk\u00f6\u00e4 sek\u00e4 ter\u00e4ksen sulatukseen ett\u00e4 [&hellip;]","og_url":"https:\/\/laholmstal.hemsida.eu\/kvalitet-miljo\/","og_site_name":"Laholm St\u00e5l","article_modified_time":"2024-05-04T14:57:52+00:00","og_image":[{"url":"https:\/\/laholmstal.hemsida.eu\/wp-content\/uploads\/2024\/02\/IMG_1882-1024x683.jpg","type":"","width":"","height":""}],"twitter_card":"summary_large_image","twitter_misc":{"Arvioitu lukuaika":"1 minuutti"},"schema":{"@context":"https:\/\/schema.org","@graph":[{"@type":"WebPage","@id":"https:\/\/laholmstal.hemsida.eu\/kvalitet-miljo\/","url":"https:\/\/laholmstal.hemsida.eu\/kvalitet-miljo\/","name":"Laatu\/Ymp\u00e4rist\u00f6 - Laholm St\u00e5l","isPartOf":{"@id":"https:\/\/laholmstal.hemsida.eu\/no\/#website"},"primaryImageOfPage":{"@id":"https:\/\/laholmstal.hemsida.eu\/kvalitet-miljo\/#primaryimage"},"image":{"@id":"https:\/\/laholmstal.hemsida.eu\/kvalitet-miljo\/#primaryimage"},"thumbnailUrl":"https:\/\/laholmstal.se\/wp-content\/uploads\/2024\/02\/IMG_1882-1024x683.jpg","datePublished":"2024-02-12T08:09:09+00:00","dateModified":"2024-05-04T14:57:52+00:00","breadcrumb":{"@id":"https:\/\/laholmstal.hemsida.eu\/kvalitet-miljo\/#breadcrumb"},"inLanguage":"fi","potentialAction":[{"@type":"ReadAction","target":["https:\/\/laholmstal.hemsida.eu\/kvalitet-miljo\/"]}]},{"@type":"ImageObject","inLanguage":"fi","@id":"https:\/\/laholmstal.hemsida.eu\/kvalitet-miljo\/#primaryimage","url":"https:\/\/laholmstal.se\/wp-content\/uploads\/2024\/02\/IMG_1882-1024x683.jpg","contentUrl":"https:\/\/laholmstal.se\/wp-content\/uploads\/2024\/02\/IMG_1882-1024x683.jpg"},{"@type":"BreadcrumbList","@id":"https:\/\/laholmstal.hemsida.eu\/kvalitet-miljo\/#breadcrumb","itemListElement":[{"@type":"ListItem","position":1,"name":"Hem","item":"https:\/\/laholmstal.se\/fi\/koti\/"},{"@type":"ListItem","position":2,"name":"Laatu\/Ymp\u00e4rist\u00f6"}]},{"@type":"WebSite","@id":"https:\/\/laholmstal.hemsida.eu\/no\/#website","url":"https:\/\/laholmstal.hemsida.eu\/no\/","name":"Laholm St\u00e5l","description":"Laholm st\u00e5l","publisher":{"@id":"https:\/\/laholmstal.hemsida.eu\/no\/#organization"},"potentialAction":[{"@type":"SearchAction","target":{"@type":"EntryPoint","urlTemplate":"https:\/\/laholmstal.hemsida.eu\/no\/?s={search_term_string}"},"query-input":{"@type":"PropertyValueSpecification","valueRequired":true,"valueName":"search_term_string"}}],"inLanguage":"fi"},{"@type":"Organization","@id":"https:\/\/laholmstal.hemsida.eu\/no\/#organization","name":"Laholm St\u00e5l","url":"https:\/\/laholmstal.hemsida.eu\/no\/","logo":{"@type":"ImageObject","inLanguage":"fi","@id":"https:\/\/laholmstal.hemsida.eu\/no\/#\/schema\/logo\/image\/","url":"https:\/\/laholmstal.se\/wp-content\/uploads\/2022\/11\/cropped-F2ED02B6-FD1A-419B-A354-0ECD68170DD6.png","contentUrl":"https:\/\/laholmstal.se\/wp-content\/uploads\/2022\/11\/cropped-F2ED02B6-FD1A-419B-A354-0ECD68170DD6.png","width":1080,"height":331,"caption":"Laholm St\u00e5l"},"image":{"@id":"https:\/\/laholmstal.hemsida.eu\/no\/#\/schema\/logo\/image\/"}}]}},"_links":{"self":[{"href":"https:\/\/laholmstal.se\/fi\/wp-json\/wp\/v2\/pages\/5621","targetHints":{"allow":["GET"]}}],"collection":[{"href":"https:\/\/laholmstal.se\/fi\/wp-json\/wp\/v2\/pages"}],"about":[{"href":"https:\/\/laholmstal.se\/fi\/wp-json\/wp\/v2\/types\/page"}],"author":[{"embeddable":true,"href":"https:\/\/laholmstal.se\/fi\/wp-json\/wp\/v2\/users\/15"}],"replies":[{"embeddable":true,"href":"https:\/\/laholmstal.se\/fi\/wp-json\/wp\/v2\/comments?post=5621"}],"version-history":[{"count":0,"href":"https:\/\/laholmstal.se\/fi\/wp-json\/wp\/v2\/pages\/5621\/revisions"}],"wp:attachment":[{"href":"https:\/\/laholmstal.se\/fi\/wp-json\/wp\/v2\/media?parent=5621"}],"curies":[{"name":"wp","href":"https:\/\/api.w.org\/{rel}","templated":true}]}}