{"id":3995,"date":"2021-11-21T15:14:19","date_gmt":"2021-11-21T14:14:19","guid":{"rendered":"https:\/\/laholmstal.se\/om\/"},"modified":"2024-08-22T14:04:50","modified_gmt":"2024-08-22T12:04:50","slug":"om-oss","status":"publish","type":"page","link":"https:\/\/laholmstal.se\/no\/om-oss\/","title":{"rendered":"Om oss"},"content":{"rendered":"\t\t<div data-elementor-type=\"wp-page\" data-elementor-id=\"3995\" class=\"elementor elementor-3995 elementor-3954\" data-elementor-post-type=\"page\">\n\t\t\t\t<div class=\"elementor-element elementor-element-4094ee7 e-flex e-con-boxed e-con e-parent\" data-id=\"4094ee7\" data-element_type=\"container\" data-e-type=\"container\" data-settings=\"{&quot;background_background&quot;:&quot;classic&quot;}\">\n\t\t\t\t\t<div class=\"e-con-inner\">\n\t\t<div class=\"elementor-element elementor-element-8695738 e-con-full e-flex e-con e-child\" data-id=\"8695738\" data-element_type=\"container\" data-e-type=\"container\">\n\t\t\t\t<div class=\"elementor-element elementor-element-2646c9c elementor-invisible elementor-widget elementor-widget-heading\" data-id=\"2646c9c\" data-element_type=\"widget\" data-e-type=\"widget\" data-settings=\"{&quot;_animation&quot;:&quot;fadeIn&quot;}\" data-widget_type=\"heading.default\">\n\t\t\t\t<div class=\"elementor-widget-container\">\n\t\t\t\t\t<h1 class=\"elementor-heading-title elementor-size-default\">Hvem er vi?<\/h1>\t\t\t\t<\/div>\n\t\t\t\t<\/div>\n\t\t\t\t<\/div>\n\t\t\t\t\t<\/div>\n\t\t\t\t<\/div>\n\t\t<div class=\"elementor-element elementor-element-ca61669 e-flex e-con-boxed e-con e-parent\" data-id=\"ca61669\" data-element_type=\"container\" data-e-type=\"container\">\n\t\t\t\t\t<div class=\"e-con-inner\">\n\t\t<div class=\"elementor-element elementor-element-10b04a9 e-con-full e-flex e-con e-child\" data-id=\"10b04a9\" data-element_type=\"container\" data-e-type=\"container\">\n\t\t\t\t<div class=\"elementor-element elementor-element-7265146 elementor-widget__width-initial elementor-invisible elementor-widget elementor-widget-image\" data-id=\"7265146\" data-element_type=\"widget\" data-e-type=\"widget\" data-settings=\"{&quot;_animation&quot;:&quot;fadeInLeft&quot;}\" data-widget_type=\"image.default\">\n\t\t\t\t<div class=\"elementor-widget-container\">\n\t\t\t\t\t\t\t\t\t\t\t\t\t\t\t<img fetchpriority=\"high\" decoding=\"async\" width=\"1024\" height=\"1024\" src=\"https:\/\/laholmstal.se\/wp-content\/uploads\/2024\/01\/Laholm-Stal-3-1024x1024.png\" class=\"attachment-large size-large wp-image-4165\" alt=\"centrifugalgjutning\" srcset=\"https:\/\/laholmstal.se\/wp-content\/uploads\/2024\/01\/Laholm-Stal-3-1024x1024.png 1024w, https:\/\/laholmstal.se\/wp-content\/uploads\/2024\/01\/Laholm-Stal-3-300x300.png 300w, https:\/\/laholmstal.se\/wp-content\/uploads\/2024\/01\/Laholm-Stal-3-150x150.png 150w, https:\/\/laholmstal.se\/wp-content\/uploads\/2024\/01\/Laholm-Stal-3-768x768.png 768w, https:\/\/laholmstal.se\/wp-content\/uploads\/2024\/01\/Laholm-Stal-3-1536x1536.png 1536w, https:\/\/laholmstal.se\/wp-content\/uploads\/2024\/01\/Laholm-Stal-3.png 1920w\" sizes=\"(max-width: 1024px) 100vw, 1024px\" \/>\t\t\t\t\t\t\t\t\t\t\t\t\t\t\t<\/div>\n\t\t\t\t<\/div>\n\t\t\t\t<\/div>\n\t\t<div class=\"elementor-element elementor-element-32122f1 e-con-full e-flex elementor-invisible e-con e-child\" data-id=\"32122f1\" data-element_type=\"container\" data-e-type=\"container\" data-settings=\"{&quot;animation&quot;:&quot;fadeInRight&quot;}\">\n\t\t\t\t<div class=\"elementor-element elementor-element-7046437 elementor-widget elementor-widget-heading\" data-id=\"7046437\" data-element_type=\"widget\" data-e-type=\"widget\" data-widget_type=\"heading.default\">\n\t\t\t\t<div class=\"elementor-widget-container\">\n\t\t\t\t\t<h2 class=\"elementor-heading-title elementor-size-default\">Firmaet<\/h2>\t\t\t\t<\/div>\n\t\t\t\t<\/div>\n\t\t\t\t<div class=\"elementor-element elementor-element-e44da7c elementor-widget elementor-widget-text-editor\" data-id=\"e44da7c\" data-element_type=\"widget\" data-e-type=\"widget\" data-widget_type=\"text-editor.default\">\n\t\t\t\t<div class=\"elementor-widget-container\">\n\t\t\t\t\t\t\t\t\t<p>Laholm St\u00e5l ble grunnlagt i 1963 av Nils Jensen. Forretningskonseptet var den gang, og er fortsatt, \u00e5 produsere sentrifugalst\u00f8pte r\u00f8r til prosessindustrien, masse- og papirindustrien, marine- og offshoreindustrien, kjemisk industri samt n\u00e6ringsmiddel- og gruveindustrien. I dag har selskapet en \u00e5rlig omsetning p\u00e5 rundt 40 millioner SEK og 17 ansatte.<\/p>\n\t\t\t\t\t\t\t\t<\/div>\n\t\t\t\t<\/div>\n\t\t\t\t<\/div>\n\t\t\t\t\t<\/div>\n\t\t\t\t<\/div>\n\t\t<div class=\"elementor-element elementor-element-9913187 e-flex e-con-boxed e-con e-parent\" data-id=\"9913187\" data-element_type=\"container\" data-e-type=\"container\" data-settings=\"{&quot;background_background&quot;:&quot;classic&quot;}\">\n\t\t\t\t\t<div class=\"e-con-inner\">\n\t\t<div class=\"elementor-element elementor-element-0f074f2 e-con-full e-flex e-con e-child\" data-id=\"0f074f2\" data-element_type=\"container\" data-e-type=\"container\">\n\t\t\t\t<div class=\"elementor-element elementor-element-c2230aa elementor-invisible elementor-widget elementor-widget-heading\" data-id=\"c2230aa\" data-element_type=\"widget\" data-e-type=\"widget\" data-settings=\"{&quot;_animation&quot;:&quot;fadeIn&quot;}\" data-widget_type=\"heading.default\">\n\t\t\t\t<div class=\"elementor-widget-container\">\n\t\t\t\t\t<h2 class=\"elementor-heading-title elementor-size-default\">Vil du vite mer?<\/h2>\t\t\t\t<\/div>\n\t\t\t\t<\/div>\n\t\t\t\t<div class=\"elementor-element elementor-element-14b235b elementor-invisible elementor-widget elementor-widget-text-editor\" data-id=\"14b235b\" data-element_type=\"widget\" data-e-type=\"widget\" data-settings=\"{&quot;_animation&quot;:&quot;fadeIn&quot;}\" data-widget_type=\"text-editor.default\">\n\t\t\t\t<div class=\"elementor-widget-container\">\n\t\t\t\t\t\t\t\t\t<p>Har du sp\u00f8rsm\u00e5l eller bekymringer? Vi er alltid \u00e5pne for \u00e5 diskutere muligheter, prosjekter og hvordan vi kan hjelpe deg.<\/p>\n\t\t\t\t\t\t\t\t<\/div>\n\t\t\t\t<\/div>\n\t\t\t\t<div class=\"elementor-element elementor-element-4f55473 elementor-align-center elementor-invisible elementor-widget elementor-widget-button\" data-id=\"4f55473\" data-element_type=\"widget\" data-e-type=\"widget\" data-settings=\"{&quot;_animation&quot;:&quot;fadeIn&quot;}\" data-widget_type=\"button.default\">\n\t\t\t\t<div class=\"elementor-widget-container\">\n\t\t\t\t\t\t\t\t\t<div class=\"elementor-button-wrapper\">\n\t\t\t\t\t<a class=\"elementor-button elementor-button-link elementor-size-sm\" href=\"mailto:info@laholmstal.se\">\n\t\t\t\t\t\t<span class=\"elementor-button-content-wrapper\">\n\t\t\t\t\t\t\t\t\t<span class=\"elementor-button-text\">Send oss en e-post<\/span>\n\t\t\t\t\t<\/span>\n\t\t\t\t\t<\/a>\n\t\t\t\t<\/div>\n\t\t\t\t\t\t\t\t<\/div>\n\t\t\t\t<\/div>\n\t\t\t\t<\/div>\n\t\t\t\t\t<\/div>\n\t\t\t\t<\/div>\n\t\t\t\t<\/div>\n\t\t","protected":false},"excerpt":{"rendered":"<p>Hvem er vi? Firmaet Laholm St\u00e5l ble grunnlagt i 1963 av Nils Jensen. Forretningskonseptet var den gang, og er fortsatt, \u00e5 produsere sentrifugalst\u00f8pte r\u00f8r til prosessindustrien, masse- og papirindustrien, marine- og offshoreindustrien, kjemisk industri samt n\u00e6ringsmiddel- og gruveindustrien. I dag har selskapet en \u00e5rlig omsetning p\u00e5 rundt 40 millioner SEK og 17 ansatte. Vil du [&hellip;]<\/p>\n","protected":false},"author":15,"featured_media":0,"parent":0,"menu_order":0,"comment_status":"closed","ping_status":"closed","template":"","meta":{"site-sidebar-layout":"no-sidebar","site-content-layout":"page-builder","ast-site-content-layout":"full-width-container","site-content-style":"unboxed","site-sidebar-style":"unboxed","ast-global-header-display":"","ast-banner-title-visibility":"","ast-main-header-display":"","ast-hfb-above-header-display":"","ast-hfb-below-header-display":"","ast-hfb-mobile-header-display":"","site-post-title":"disabled","ast-breadcrumbs-content":"","ast-featured-img":"disabled","footer-sml-layout":"","ast-disable-related-posts":"","theme-transparent-header-meta":"enabled","adv-header-id-meta":"","stick-header-meta":"","header-above-stick-meta":"","header-main-stick-meta":"","header-below-stick-meta":"","astra-migrate-meta-layouts":"default","ast-page-background-enabled":"default","ast-page-background-meta":{"desktop":{"background-color":"var(--ast-global-color-4)","background-image":"","background-repeat":"repeat","background-position":"center center","background-size":"auto","background-attachment":"scroll","background-type":"","background-media":"","overlay-type":"","overlay-color":"","overlay-opacity":"","overlay-gradient":""},"tablet":{"background-color":"","background-image":"","background-repeat":"repeat","background-position":"center center","background-size":"auto","background-attachment":"scroll","background-type":"","background-media":"","overlay-type":"","overlay-color":"","overlay-opacity":"","overlay-gradient":""},"mobile":{"background-color":"","background-image":"","background-repeat":"repeat","background-position":"center center","background-size":"auto","background-attachment":"scroll","background-type":"","background-media":"","overlay-type":"","overlay-color":"","overlay-opacity":"","overlay-gradient":""}},"ast-content-background-meta":{"desktop":{"background-color":"var(--ast-global-color-5)","background-image":"","background-repeat":"repeat","background-position":"center center","background-size":"auto","background-attachment":"scroll","background-type":"","background-media":"","overlay-type":"","overlay-color":"","overlay-opacity":"","overlay-gradient":""},"tablet":{"background-color":"var(--ast-global-color-5)","background-image":"","background-repeat":"repeat","background-position":"center center","background-size":"auto","background-attachment":"scroll","background-type":"","background-media":"","overlay-type":"","overlay-color":"","overlay-opacity":"","overlay-gradient":""},"mobile":{"background-color":"var(--ast-global-color-5)","background-image":"","background-repeat":"repeat","background-position":"center center","background-size":"auto","background-attachment":"scroll","background-type":"","background-media":"","overlay-type":"","overlay-color":"","overlay-opacity":"","overlay-gradient":""}},"footnotes":""},"class_list":["post-3995","page","type-page","status-publish","hentry"],"yoast_head":"<!-- This site is optimized with the Yoast SEO plugin v27.2 - https:\/\/yoast.com\/product\/yoast-seo-wordpress\/ -->\n<title>Om oss - Laholm St\u00e5l<\/title>\n<meta name=\"robots\" content=\"index, follow, max-snippet:-1, max-image-preview:large, max-video-preview:-1\" \/>\n<link rel=\"canonical\" href=\"https:\/\/laholmstal.hemsida.eu\/no\/om-oss\/\" \/>\n<meta property=\"og:locale\" content=\"nb_NO\" \/>\n<meta property=\"og:type\" content=\"article\" \/>\n<meta property=\"og:title\" content=\"Om oss - Laholm St\u00e5l\" \/>\n<meta property=\"og:description\" content=\"Hvem er vi? Firmaet Laholm St\u00e5l ble grunnlagt i 1963 av Nils Jensen. Forretningskonseptet var den gang, og er fortsatt, \u00e5 produsere sentrifugalst\u00f8pte r\u00f8r til prosessindustrien, masse- og papirindustrien, marine- og offshoreindustrien, kjemisk industri samt n\u00e6ringsmiddel- og gruveindustrien. I dag har selskapet en \u00e5rlig omsetning p\u00e5 rundt 40 millioner SEK og 17 ansatte. Vil du [&hellip;]\" \/>\n<meta property=\"og:url\" content=\"https:\/\/laholmstal.hemsida.eu\/no\/om-oss\/\" \/>\n<meta property=\"og:site_name\" content=\"Laholm St\u00e5l\" \/>\n<meta property=\"article:modified_time\" content=\"2024-08-22T12:04:50+00:00\" \/>\n<meta property=\"og:image\" content=\"https:\/\/laholmstal.hemsida.eu\/wp-content\/uploads\/2024\/01\/Laholm-Stal-3-1024x1024.png\" \/>\n<meta name=\"twitter:card\" content=\"summary_large_image\" \/>\n<script type=\"application\/ld+json\" class=\"yoast-schema-graph\">{\"@context\":\"https:\/\/schema.org\",\"@graph\":[{\"@type\":\"WebPage\",\"@id\":\"https:\/\/laholmstal.hemsida.eu\/no\/om-oss\/\",\"url\":\"https:\/\/laholmstal.hemsida.eu\/no\/om-oss\/\",\"name\":\"Om oss - Laholm St\u00e5l\",\"isPartOf\":{\"@id\":\"https:\/\/laholmstal.hemsida.eu\/no\/#website\"},\"primaryImageOfPage\":{\"@id\":\"https:\/\/laholmstal.hemsida.eu\/no\/om-oss\/#primaryimage\"},\"image\":{\"@id\":\"https:\/\/laholmstal.hemsida.eu\/no\/om-oss\/#primaryimage\"},\"thumbnailUrl\":\"https:\/\/laholmstal.se\/wp-content\/uploads\/2024\/01\/Laholm-Stal-3-1024x1024.png\",\"datePublished\":\"2021-11-21T14:14:19+00:00\",\"dateModified\":\"2024-08-22T12:04:50+00:00\",\"breadcrumb\":{\"@id\":\"https:\/\/laholmstal.hemsida.eu\/no\/om-oss\/#breadcrumb\"},\"inLanguage\":\"nb-NO\",\"potentialAction\":[{\"@type\":\"ReadAction\",\"target\":[\"https:\/\/laholmstal.hemsida.eu\/no\/om-oss\/\"]}]},{\"@type\":\"ImageObject\",\"inLanguage\":\"nb-NO\",\"@id\":\"https:\/\/laholmstal.hemsida.eu\/no\/om-oss\/#primaryimage\",\"url\":\"https:\/\/laholmstal.se\/wp-content\/uploads\/2024\/01\/Laholm-Stal-3-1024x1024.png\",\"contentUrl\":\"https:\/\/laholmstal.se\/wp-content\/uploads\/2024\/01\/Laholm-Stal-3-1024x1024.png\"},{\"@type\":\"BreadcrumbList\",\"@id\":\"https:\/\/laholmstal.hemsida.eu\/no\/om-oss\/#breadcrumb\",\"itemListElement\":[{\"@type\":\"ListItem\",\"position\":1,\"name\":\"Hem\",\"item\":\"https:\/\/laholmstal.se\/no\/hjem\/\"},{\"@type\":\"ListItem\",\"position\":2,\"name\":\"Om oss\"}]},{\"@type\":\"WebSite\",\"@id\":\"https:\/\/laholmstal.hemsida.eu\/no\/#website\",\"url\":\"https:\/\/laholmstal.hemsida.eu\/no\/\",\"name\":\"Laholm St\u00e5l\",\"description\":\"Laholm st\u00e5l\",\"publisher\":{\"@id\":\"https:\/\/laholmstal.hemsida.eu\/no\/#organization\"},\"potentialAction\":[{\"@type\":\"SearchAction\",\"target\":{\"@type\":\"EntryPoint\",\"urlTemplate\":\"https:\/\/laholmstal.hemsida.eu\/no\/?s={search_term_string}\"},\"query-input\":{\"@type\":\"PropertyValueSpecification\",\"valueRequired\":true,\"valueName\":\"search_term_string\"}}],\"inLanguage\":\"nb-NO\"},{\"@type\":\"Organization\",\"@id\":\"https:\/\/laholmstal.hemsida.eu\/no\/#organization\",\"name\":\"Laholm St\u00e5l\",\"url\":\"https:\/\/laholmstal.hemsida.eu\/no\/\",\"logo\":{\"@type\":\"ImageObject\",\"inLanguage\":\"nb-NO\",\"@id\":\"https:\/\/laholmstal.hemsida.eu\/no\/#\/schema\/logo\/image\/\",\"url\":\"https:\/\/laholmstal.se\/wp-content\/uploads\/2022\/11\/cropped-F2ED02B6-FD1A-419B-A354-0ECD68170DD6.png\",\"contentUrl\":\"https:\/\/laholmstal.se\/wp-content\/uploads\/2022\/11\/cropped-F2ED02B6-FD1A-419B-A354-0ECD68170DD6.png\",\"width\":1080,\"height\":331,\"caption\":\"Laholm St\u00e5l\"},\"image\":{\"@id\":\"https:\/\/laholmstal.hemsida.eu\/no\/#\/schema\/logo\/image\/\"}}]}<\/script>\n<!-- \/ Yoast SEO plugin. -->","yoast_head_json":{"title":"Om oss - Laholm St\u00e5l","robots":{"index":"index","follow":"follow","max-snippet":"max-snippet:-1","max-image-preview":"max-image-preview:large","max-video-preview":"max-video-preview:-1"},"canonical":"https:\/\/laholmstal.hemsida.eu\/no\/om-oss\/","og_locale":"nb_NO","og_type":"article","og_title":"Om oss - Laholm St\u00e5l","og_description":"Hvem er vi? Firmaet Laholm St\u00e5l ble grunnlagt i 1963 av Nils Jensen. Forretningskonseptet var den gang, og er fortsatt, \u00e5 produsere sentrifugalst\u00f8pte r\u00f8r til prosessindustrien, masse- og papirindustrien, marine- og offshoreindustrien, kjemisk industri samt n\u00e6ringsmiddel- og gruveindustrien. I dag har selskapet en \u00e5rlig omsetning p\u00e5 rundt 40 millioner SEK og 17 ansatte. Vil du [&hellip;]","og_url":"https:\/\/laholmstal.hemsida.eu\/no\/om-oss\/","og_site_name":"Laholm St\u00e5l","article_modified_time":"2024-08-22T12:04:50+00:00","og_image":[{"url":"https:\/\/laholmstal.hemsida.eu\/wp-content\/uploads\/2024\/01\/Laholm-Stal-3-1024x1024.png","type":"","width":"","height":""}],"twitter_card":"summary_large_image","schema":{"@context":"https:\/\/schema.org","@graph":[{"@type":"WebPage","@id":"https:\/\/laholmstal.hemsida.eu\/no\/om-oss\/","url":"https:\/\/laholmstal.hemsida.eu\/no\/om-oss\/","name":"Om oss - Laholm St\u00e5l","isPartOf":{"@id":"https:\/\/laholmstal.hemsida.eu\/no\/#website"},"primaryImageOfPage":{"@id":"https:\/\/laholmstal.hemsida.eu\/no\/om-oss\/#primaryimage"},"image":{"@id":"https:\/\/laholmstal.hemsida.eu\/no\/om-oss\/#primaryimage"},"thumbnailUrl":"https:\/\/laholmstal.se\/wp-content\/uploads\/2024\/01\/Laholm-Stal-3-1024x1024.png","datePublished":"2021-11-21T14:14:19+00:00","dateModified":"2024-08-22T12:04:50+00:00","breadcrumb":{"@id":"https:\/\/laholmstal.hemsida.eu\/no\/om-oss\/#breadcrumb"},"inLanguage":"nb-NO","potentialAction":[{"@type":"ReadAction","target":["https:\/\/laholmstal.hemsida.eu\/no\/om-oss\/"]}]},{"@type":"ImageObject","inLanguage":"nb-NO","@id":"https:\/\/laholmstal.hemsida.eu\/no\/om-oss\/#primaryimage","url":"https:\/\/laholmstal.se\/wp-content\/uploads\/2024\/01\/Laholm-Stal-3-1024x1024.png","contentUrl":"https:\/\/laholmstal.se\/wp-content\/uploads\/2024\/01\/Laholm-Stal-3-1024x1024.png"},{"@type":"BreadcrumbList","@id":"https:\/\/laholmstal.hemsida.eu\/no\/om-oss\/#breadcrumb","itemListElement":[{"@type":"ListItem","position":1,"name":"Hem","item":"https:\/\/laholmstal.se\/no\/hjem\/"},{"@type":"ListItem","position":2,"name":"Om oss"}]},{"@type":"WebSite","@id":"https:\/\/laholmstal.hemsida.eu\/no\/#website","url":"https:\/\/laholmstal.hemsida.eu\/no\/","name":"Laholm St\u00e5l","description":"Laholm st\u00e5l","publisher":{"@id":"https:\/\/laholmstal.hemsida.eu\/no\/#organization"},"potentialAction":[{"@type":"SearchAction","target":{"@type":"EntryPoint","urlTemplate":"https:\/\/laholmstal.hemsida.eu\/no\/?s={search_term_string}"},"query-input":{"@type":"PropertyValueSpecification","valueRequired":true,"valueName":"search_term_string"}}],"inLanguage":"nb-NO"},{"@type":"Organization","@id":"https:\/\/laholmstal.hemsida.eu\/no\/#organization","name":"Laholm St\u00e5l","url":"https:\/\/laholmstal.hemsida.eu\/no\/","logo":{"@type":"ImageObject","inLanguage":"nb-NO","@id":"https:\/\/laholmstal.hemsida.eu\/no\/#\/schema\/logo\/image\/","url":"https:\/\/laholmstal.se\/wp-content\/uploads\/2022\/11\/cropped-F2ED02B6-FD1A-419B-A354-0ECD68170DD6.png","contentUrl":"https:\/\/laholmstal.se\/wp-content\/uploads\/2022\/11\/cropped-F2ED02B6-FD1A-419B-A354-0ECD68170DD6.png","width":1080,"height":331,"caption":"Laholm St\u00e5l"},"image":{"@id":"https:\/\/laholmstal.hemsida.eu\/no\/#\/schema\/logo\/image\/"}}]}},"_links":{"self":[{"href":"https:\/\/laholmstal.se\/no\/wp-json\/wp\/v2\/pages\/3995","targetHints":{"allow":["GET"]}}],"collection":[{"href":"https:\/\/laholmstal.se\/no\/wp-json\/wp\/v2\/pages"}],"about":[{"href":"https:\/\/laholmstal.se\/no\/wp-json\/wp\/v2\/types\/page"}],"author":[{"embeddable":true,"href":"https:\/\/laholmstal.se\/no\/wp-json\/wp\/v2\/users\/15"}],"replies":[{"embeddable":true,"href":"https:\/\/laholmstal.se\/no\/wp-json\/wp\/v2\/comments?post=3995"}],"version-history":[{"count":0,"href":"https:\/\/laholmstal.se\/no\/wp-json\/wp\/v2\/pages\/3995\/revisions"}],"wp:attachment":[{"href":"https:\/\/laholmstal.se\/no\/wp-json\/wp\/v2\/media?parent=3995"}],"curies":[{"name":"wp","href":"https:\/\/api.w.org\/{rel}","templated":true}]}}